{"id":91,"date":"2014-06-17T12:57:59","date_gmt":"2014-06-17T10:57:59","guid":{"rendered":"http:\/\/spookysworld.no-ip.biz\/wordpress\/?page_id=91"},"modified":"2025-07-23T11:07:41","modified_gmt":"2025-07-23T09:07:41","slug":"impressum","status":"publish","type":"page","link":"https:\/\/mitschio.dynv6.net\/blog\/impressum\/","title":{"rendered":"Impressum"},"content":{"rendered":"\n<p>mitschio.dynv6.net ist eine ausschlie\u00dflich privat genutzte, nicht gesch\u00e4ftsm\u00e4\u00dfige Webseite!<\/p>\n\n\n\n<p>Verantwortlich f\u00fcr den Inhalt dieser Seite (mitschio.dynv6.net) ist:<\/p>\n\n\n\n<pre class=\"wp-block-code has-small-font-size\"><code>\ud83c\udfe1: M.M. Oehme\n    Am Isinger Bach 93\n    45307 Essen\n\ud83d\udcde: +49 179\/2029 sechs neun eins\n\ud83d\udcde: +49 179\/2029 six nine one\n\ud83d\udce7: m.m.oehme+dynv6 (_at_) gmail.com<\/code><\/pre>\n\n\n\n<h2 class=\"wp-block-heading\">Haftungsausschluss<\/h2>\n\n\n\n<h3 class=\"wp-block-heading\">Haftung f\u00fcr Inhalte<\/h3>\n\n\n\n<p>Ich freue mich, dass Sie den Weg auf meine Website gefunden haben. Hier finden Sie einige Hinweise zur Haftung.<\/p>\n\n\n\n<p>Die Inhalte dieser Seite wurden mit gr\u00f6\u00dftm\u00f6glicher Sorgfalt erstellt. Jedoch kann ich weder f\u00fcr die Richtigkeit, Vollst\u00e4ndigkeit noch die Aktualit\u00e4t der hinterlegten Informationen eine Gew\u00e4hr \u00fcbernehmen. Ich schlie\u00dfe die Haftung f\u00fcr Sch\u00e4den aus, die sich direkt oder indirekt aus der Verwendung der Website und der darin enthaltenen Informationen ergeben k\u00f6nnen. Hiervon ausgenommen ist die Haftung f\u00fcr Vorsatz oder grobe Fahrl\u00e4ssigkeit.<\/p>\n\n\n\n<h3 class=\"wp-block-heading\">Haftung f\u00fcr Links<\/h3>\n\n\n\n<p>Diese Seite kann\u00a0Links zu externen Webseiten Dritter enthalten, auf deren Inhalte kein Einfluss besteht. Deshalb wird f\u00fcr diese fremden Inhalte auch keine Gew\u00e4hr \u00fcbernommen. F\u00fcr die Inhalte der verlinkten Seiten ist stets der jeweilige Anbieter oder Betreiber der Seiten verantwortlich. Die verlinkten Seiten wurden zum Zeitpunkt der Verlinkung auf m\u00f6gliche Rechtsverst\u00f6\u00dfe \u00fcberpr\u00fcft. Rechtswidrige Inhalte waren zum Zeitpunkt der Verlinkung nicht erkennbar. Eine permanente inhaltliche Kontrolle der verlinkten Seiten ist jedoch ohne konkrete Anhaltspunkte einer Rechtsverletzung nicht zumutbar. Bei Bekanntwerden von Rechtsverletzungen werde ich derartige Links umgehend entfernen.<\/p>\n\n\n\n<p>Ich bin f\u00fcr eigene Inhalte auf diesen Seiten nach den allgemeinen Gesetzen verantwortlich. Ich bin jedoch nicht verpflichtet, \u00fcbermittelte oder gespeicherte fremde Informationen zu \u00fcberwachen oder nach Umst\u00e4nden zu forschen, die auf eine rechtswidrige T\u00e4tigkeit hinweisen. Verpflichtungen zur Entfernung oder Sperrung der Nutzung von Informationen nach den allgemeinen Gesetzen bleiben hiervon unber\u00fchrt. Eine diesbez\u00fcgliche Haftung ist jedoch erst ab dem Zeitpunkt der Kenntnis einer konkreten Rechtsverletzung m\u00f6glich. Bei Bekanntwerden von entsprechenden Rechtsverletzungen werde\u00a0ich\u00a0diese Inhalte umgehend entfernen.<br><em>(\u00a7 7 Abs. 1 und \u00a7 8 DDG) <\/em><\/p>\n\n\n\n<h2 class=\"wp-block-heading\">Widerspruch<\/h2>\n\n\n\n<p>Der Nutzung von im Rahmen der Impressumspflicht ver\u00f6ffentlichten Kontaktdaten durch Dritte zur \u00dcbersendung von nicht ausdr\u00fccklich angeforderter Werbung und Informationsmaterialien wird hiermit ausdr\u00fccklich widersprochen.&nbsp;Ich&nbsp;behalte mir ausdr\u00fccklich rechtliche Schritte im Falle der unverlangten Zusendung von Werbeinformationen, etwa durch Spam-Mails, vor.<\/p>\n\n\n\n<h2 class=\"wp-block-heading\">Rechtevorbehalt<\/h2>\n\n\n\n<p>Alle Rechte vorbehalten. Jegliche Vervielf\u00e4ltigung oder Weiterverbreitung in jedem Medium als Ganzes oder in Teilen bed\u00fcrfen meiner Zustimmung.<\/p>\n","protected":false},"excerpt":{"rendered":"<p>mitschio.dynv6.net ist eine ausschlie\u00dflich privat genutzte, nicht gesch\u00e4ftsm\u00e4\u00dfige Webseite! Verantwortlich f\u00fcr den Inhalt dieser Seite (mitschio.dynv6.net) ist: Haftungsausschluss Haftung f\u00fcr Inhalte Ich freue mich, dass Sie den Weg auf meine Website gefunden haben. Hier finden Sie einige Hinweise zur Haftung. Die Inhalte dieser Seite wurden mit gr\u00f6\u00dftm\u00f6glicher Sorgfalt erstellt. Jedoch kann ich weder f\u00fcr die [&hellip;]<\/p>\n","protected":false},"author":1,"featured_media":0,"parent":0,"menu_order":0,"comment_status":"open","ping_status":"closed","template":"","meta":{"footnotes":""},"class_list":["post-91","page","type-page","status-publish","hentry"],"_links":{"self":[{"href":"https:\/\/mitschio.dynv6.net\/blog\/wp-json\/wp\/v2\/pages\/91","targetHints":{"allow":["GET"]}}],"collection":[{"href":"https:\/\/mitschio.dynv6.net\/blog\/wp-json\/wp\/v2\/pages"}],"about":[{"href":"https:\/\/mitschio.dynv6.net\/blog\/wp-json\/wp\/v2\/types\/page"}],"author":[{"embeddable":true,"href":"https:\/\/mitschio.dynv6.net\/blog\/wp-json\/wp\/v2\/users\/1"}],"replies":[{"embeddable":true,"href":"https:\/\/mitschio.dynv6.net\/blog\/wp-json\/wp\/v2\/comments?post=91"}],"version-history":[{"count":11,"href":"https:\/\/mitschio.dynv6.net\/blog\/wp-json\/wp\/v2\/pages\/91\/revisions"}],"predecessor-version":[{"id":880,"href":"https:\/\/mitschio.dynv6.net\/blog\/wp-json\/wp\/v2\/pages\/91\/revisions\/880"}],"wp:attachment":[{"href":"https:\/\/mitschio.dynv6.net\/blog\/wp-json\/wp\/v2\/media?parent=91"}],"curies":[{"name":"wp","href":"https:\/\/api.w.org\/{rel}","templated":true}]}}