{"id":793,"date":"2022-12-17T12:54:41","date_gmt":"2022-12-17T11:54:41","guid":{"rendered":"https:\/\/mitschio.dynv6.net\/blog\/?page_id=793"},"modified":"2025-07-16T08:46:32","modified_gmt":"2025-07-16T06:46:32","slug":"mitschis-wunschzettel","status":"publish","type":"page","link":"https:\/\/mitschio.dynv6.net\/blog\/mitschis-wunschzettel\/","title":{"rendered":"Mitschis Wunschzettel"},"content":{"rendered":"\n<p>Tja, liebe Liebenden. Immer mal wieder wird man zu den verschiedensten Anl\u00e4ssen gefragt: &#8222;Was w\u00fcnschst du dir denn?&#8220;. Als vom Gl\u00fcck doch recht gro\u00dfz\u00fcgig bedachter Mensch, lebe ich in der bequemen Situation, mir die meisten meiner W\u00fcnsche selbst und vor allem auch zum Zeitpunkt des Entstehens selbst erf\u00fcllen zu k\u00f6nnen. Ja, mehr geht immer. ABER: Ich bin meinem Schicksal f\u00fcr meine derzeitige Situation sehr dankbar und hoffe, dass diese noch lange so anh\u00e4lt.<\/p>\n\n\n\n<p>Ich wei\u00df aber auch, es gibt Lebewesen auf diesem Planeten, denen es nicht so gut geht. Daher stehen auf meinem Wunschzettel ganz oben keine Dinge f\u00fcr mich, sondern die <strong>Bitte um Spenden<\/strong> f\u00fcr einen wohlt\u00e4tigen und|oder gemeinn\u00fctzigen Zweck. <\/p>\n\n\n\n<p>Mein Dank daf\u00fcr ist euch gewiss.<\/p>\n\n\n\n<hr class=\"wp-block-separator has-alpha-channel-opacity\"\/>\n\n\n\n<h3 class=\"wp-block-heading\"><a href=\"#Spenden\">Spendenw\u00fcnsche<\/a><\/h3>\n\n\n\n<p>Nachfolgend findet ihr hier ein paar Vorschl\u00e4ge von Institutionen, Vereinen und Verb\u00e4nden die ich pers\u00f6nlich f\u00fcr f\u00f6rderw\u00fcrdig halte. Diese Liste ist keinesfalls abschlie\u00dfend und wenn ihr eigene Favoriten habt, sind auch diese fein.<\/p>\n\n\n\n<ul class=\"wp-block-list\">\n<li><a href=\"#SpendeFVTHW\">Spende an F\u00f6rderverein THW-Duisburg e.V.<\/a><\/li>\n\n\n\n<li><a href=\"#SpendeKSBE\">Spende an den Kinderschutzbund Essen<\/a><\/li>\n\n\n\n<li><a href=\"#SpendeFSFE\">Spende an Free Software Foundation Europe<\/a><\/li>\n\n\n\n<li><a href=\"#SpendeUNHCR\">Spende an den UNHCR<\/a><\/li>\n\n\n\n<li><a href=\"#SpendeTSVEssen\">Spende an den Tierschutzverein Gross-Essen e.V.<\/a><\/li>\n<\/ul>\n\n\n\n<h3 class=\"wp-block-heading\"><a href=\"#Privat\">Privatw\u00fcnsche<\/a><\/h3>\n\n\n\n<ul class=\"wp-block-list\">\n<li>B\u00fccher<\/li>\n\n\n\n<li>Musik<\/li>\n\n\n\n<li>Sonstiger Kram<\/li>\n<\/ul>\n\n\n\n<h3 class=\"wp-block-heading\"><a href=\"#NoGos\">No-Gos<\/a><\/h3>\n\n\n\n<hr class=\"wp-block-separator has-alpha-channel-opacity is-style-wide\"\/>\n\n\n\n<h1 class=\"wp-block-heading\" id=\"Spenden\">Spenden-Wunschzettel<\/h1>\n\n\n\n<h3 class=\"wp-block-heading\" id=\"SpendeFVTHW\">Spende an F\u00f6rderverein THW-Duisburg e.V.<\/h3>\n\n\n\n<p>Ich war lange Jahre beim Technischen Hilfswerk in Duisburg aktiv. Aufgrund sich \u00e4ndernder pers\u00f6nlicher Umst\u00e4nde ist das leider nicht mehr so m\u00f6glich, wie ich mir das vielleicht selber w\u00fcnsche, f\u00fchle mich dem Ortsverband aber noch immer kameradschaftlich sehr verbunden. Ich habe das Gef\u00fchl etwas sinnvolles f\u00fcr unsere Gesellschaft zu tun sehr genossen. <\/p>\n\n\n\n<p>Infos findet Ihr unter: <br> &#8211; <a href=\"https:\/\/www.thw-duisburg.de\/foerderverein\/?type=rss\" target=\"_blank\" rel=\"noreferrer noopener\">https:\/\/www.thw-duisburg.de\/foerderverein\/?type=rss<\/a><br> <a href=\"https:\/\/www.thw-duisburg.de\/das-thw\/?type=rss\" target=\"_blank\" rel=\"noreferrer noopener\">&#8211; https:\/\/www.thw-duisburg.de\/das-thw\/?type=rss<\/a><\/p>\n\n\n\n<p><strong>Spenden k\u00f6nnen \u00fcberwiesen werden an:<\/strong><br>IBAN: DE39 3505 0000 0200 2240 38<br>BIC: DUISDE33XXX<br>Bank: Sparkasse Duisburg<br><\/p>\n\n\n\n<hr class=\"wp-block-separator has-alpha-channel-opacity\"\/>\n\n\n\n<h3 class=\"wp-block-heading\" id=\"SpendeKSBE\">Spende an den Kinderschutzbund Essen<\/h3>\n\n\n\n<p>Infos findest du unter <a href=\"https:\/\/www.dksb-essen.de\/ueber-uns\">https:\/\/www.dksb-essen.de\/ueber-uns<\/a>.<\/p>\n\n\n\n<p><strong>Spenden k\u00f6nnen \u00fcberwiesen werden an:<\/strong><br>IBAN:&nbsp;DE70 3605 0105 0000 2907 00<br>BIC: SPESDE3E<br>Sparkasse Essen<\/p>\n\n\n\n<hr class=\"wp-block-separator has-alpha-channel-opacity\"\/>\n\n\n\n<h3 class=\"wp-block-heading\" id=\"SpendeFSFE\">Spende an Free Software Foundation Europe<\/h3>\n\n\n\n<p>Was die FSFE macht und wof\u00fcr sie steht kannst du unter <a rel=\"noreferrer noopener\" href=\"https:\/\/fsfe.org\/about\/about.de.html\" target=\"_blank\">https:\/\/fsfe.org\/about\/about.de.html<\/a> lesen. <\/p>\n\n\n\n<p>Alles N\u00f6tige f\u00fcr eine Spende findet ihr unter <a href=\"https:\/\/my.fsfe.org\/donate\">https:\/\/my.fsfe.org\/donate<\/a>.<\/p>\n\n\n\n<hr class=\"wp-block-separator has-alpha-channel-opacity\"\/>\n\n\n\n<h3 class=\"wp-block-heading\" id=\"SpendeUNHCR\">Spende an den UNHCR<\/h3>\n\n\n\n<p>Infos zum UNHCR sind unter <a href=\"https:\/\/www.uno-fluechtlingshilfe.de\/ueber-uns\/unhcr\">https:\/\/www.uno-fluechtlingshilfe.de\/ueber-uns\/unhcr<\/a> zu finden.  Kurz: Beim UNHCR handelt es sich um eine der gr\u00f6\u00dften humanit\u00e4ren Hilfsorganisationen der Welt und sch\u00fctzt und unterst\u00fctzt Fl\u00fcchtlinge \u00fcberall auf der Welt.<\/p>\n\n\n\n<p><strong>Spenden k\u00f6nnen \u00fcberwiesen werden an:<\/strong><br>IBAN:&nbsp;DE78 3705 0198 0020 0088 50<br>BIC: COLSDE33<br>Sparkasse K\u00f6lnBonn<\/p>\n\n\n\n<hr class=\"wp-block-separator has-alpha-channel-opacity\"\/>\n\n\n\n<h3 class=\"wp-block-heading\" id=\"SpendeTSVEssen\">Spende an den Tierschutzverein Gross-Essen e.V.<\/h3>\n\n\n\n<p>Auch hier verweise ich auf die Infos auf der Webseite des Vereins <a href=\"https:\/\/www.tierheim-essen.de\/faq\/patenschaft\/\">https:\/\/www.tierheim-essen.de\/faq\/patenschaft\/<\/a>.<\/p>\n\n\n\n<hr class=\"wp-block-separator has-alpha-channel-opacity\"\/>\n\n\n\n<hr class=\"wp-block-separator has-alpha-channel-opacity is-style-wide\"\/>\n\n\n\n<h1 class=\"wp-block-heading\" id=\"Privat\">Private W\u00fcnsche<\/h1>\n\n\n\n<p>Also Wirklich? Hier schaust du vorbei?<br>Mein Wunsch ist es wirklich, &#8230;.  <br>Ach fang einfach noch einmal an, oben zu lesen.  Bitte.<br><a href=\"#top\">Einfach hoch scrollen!<\/a> <br>Danke. <\/p>\n\n\n\n<h3 class=\"wp-block-heading\">B\u00fccher<\/h3>\n\n\n\n<p>Tja, du willst wirklich nichts spenden? Schade. Nun gut, ich hab ein Einsehen und notiere nachfolgend ein paar pers\u00f6nliche Anregungen.<\/p>\n\n\n\n<p>Da ich auch ein &#8222;B\u00fccherwurm&#8220; bin, habe ich mir ein paar B\u00fccher ausgesucht, die ich gerne mal lesen und anschlie\u00dfend in mein B\u00fccherregal stellen w\u00fcrde. <br>(Unter <a href=\"https:\/\/mitschio-opac.mitschio.dynv6.net\/\">https:\/\/mitschio-opac.mitschio.dynv6.net\/<\/a> k\u00f6nnt ihr \u00fcbrigens grob schauen, was schon vorhanden ist. )<\/p>\n\n\n\n<p>Eine Bitte habe ich aber noch. Und das ist mir wirklich ganz wichtig:<br>Wenn du mir ein Buch schenken m\u00f6chtest, dann kauf dies bitte, bitte bei einer <strong>kleinen Buchhandlung deines Vertrauens<\/strong> und nicht bei irgendeinem weltweit und nur im Internet agierenden Gro\u00dfkonzern.<\/p>\n\n\n\n<div class=\"wp-block-columns is-layout-flex wp-container-core-columns-is-layout-28f84493 wp-block-columns-is-layout-flex\">\n<div class=\"wp-block-column is-layout-flow wp-block-column-is-layout-flow\">\n<figure class=\"wp-block-image size-large is-resized\"><img decoding=\"async\" src=\"https:\/\/cover-all.buchhandlung.de\/dl\/1bd3cc74-d102-4c0f-b9cb-436a8c4bf3a8\/12\/daz4ed\" alt=\"\" style=\"width:undefinedpx;height:400px\"\/><figcaption class=\"wp-element-caption\">ISBN: 9783662488713<\/figcaption><\/figure>\n\n\n\n<p><a href=\"https:\/\/buchhandlung-goll.buchhandlung.de\/shop\/article\/29100929\/pi_und_co_.html\" target=\"_blank\" rel=\"noopener\">bei Buchhandlung Goll in Essen-Steele<\/a><\/p>\n<\/div>\n\n\n\n<div class=\"wp-block-column is-layout-flow wp-block-column-is-layout-flow\">\n<figure class=\"wp-block-image size-large is-resized\"><img decoding=\"async\" src=\"https:\/\/cover-all.buchhandlung.de\/dl\/fa00f341-4e53-4810-831d-d9addd574a9a\/1\/daz4ed\" alt=\"\" style=\"width:undefinedpx;height:400px\"\/><figcaption class=\"wp-element-caption\">ISBN: 978-3-7475-0494-9<\/figcaption><\/figure>\n\n\n\n<p><a href=\"https:\/\/buchhandlung-goll.buchhandlung.de\/shop\/article\/47094927\/bjoern_walther_statistik_mit_r_schnelleinstieg.html\" target=\"_blank\" rel=\"noreferrer noopener\">bei Buchhandlung Goll in Essen-Steele<\/a><\/p>\n<\/div>\n<\/div>\n\n\n\n<hr class=\"wp-block-separator has-alpha-channel-opacity\"\/>\n\n\n\n<h3 class=\"wp-block-heading\">Musik<\/h3>\n\n\n\n<div class=\"wp-block-columns is-layout-flex wp-container-core-columns-is-layout-28f84493 wp-block-columns-is-layout-flex\">\n<div class=\"wp-block-column is-layout-flow wp-block-column-is-layout-flow\">\n<figure class=\"wp-block-image size-large\"><img decoding=\"async\" src=\"https:\/\/m.media-amazon.com\/images\/I\/41Jbpevf3DL.jpg\" alt=\"\"\/><figcaption class=\"wp-element-caption\"><strong><em>Caught a Ghost: \u201eHuman Nature\u201c<\/em><\/strong><br><\/figcaption><\/figure>\n\n\n\n<p>Leider scheint diese CD nicht mehr lieferbar zu sein. Aber wenn du sie irgendwie auftreiben kannst, dann w\u00e4re das der Hammer.<\/p>\n<\/div>\n\n\n\n<div class=\"wp-block-column is-layout-flow wp-block-column-is-layout-flow\">\n<figure class=\"wp-block-image size-large\"><img decoding=\"async\" src=\"https:\/\/media1.jpc.de\/image\/w600\/front\/0\/0751097093320.jpg\" alt=\"\"\/><figcaption class=\"wp-element-caption\"><em><strong>CJ Ramone: \u201cLast Chance To Dance<\/strong><\/em>\u201c<\/figcaption><\/figure>\n<\/div>\n\n\n\n<div class=\"wp-block-column is-layout-flow wp-block-column-is-layout-flow\">\n<figure class=\"wp-block-image size-large\"><img decoding=\"async\" src=\"https:\/\/i.discogs.com\/kExoWZBh3EXy0JQuRkjNZV5QTEONNOXSvreOLJ_gY4U\/rs:fit\/g:sm\/q:90\/h:600\/w:587\/czM6Ly9kaXNjb2dz\/LWRhdGFiYXNlLWlt\/YWdlcy9SLTIzNDk1\/ODktMTM0MDkwOTMy\/Mi0yNDcyLmpwZWc.jpeg\" alt=\"\"\/><figcaption class=\"wp-element-caption\"><strong><em>the lemonbabies: \u201epoeck it!\u201c<\/em><\/strong><\/figcaption><\/figure>\n\n\n\n<p><\/p>\n<\/div>\n<\/div>\n\n\n\n<hr class=\"wp-block-separator has-alpha-channel-opacity\"\/>\n\n\n\n<h3 class=\"wp-block-heading\">sonstiger Kram<\/h3>\n\n\n\n<p>Tja, was f\u00e4llt mir hier so ein?<\/p>\n\n\n\n<ul class=\"wp-block-list\">\n<li>Mein Lieblingswein: Torilan (S\u00fcdtirol)<\/li>\n\n\n\n<li>Cool w\u00e4re eine Klopfbox f\u00fcr meine Siebtr\u00e4ger-Kaffeemaschine (Bsp: Sage Appliances BES100 Espresso-Klopfbox, The Knock Box Mini)<\/li>\n<\/ul>\n\n\n\n<hr class=\"wp-block-separator has-alpha-channel-opacity\"\/>\n\n\n\n<hr class=\"wp-block-separator has-alpha-channel-opacity is-style-wide\"\/>\n\n\n\n<h1 class=\"wp-block-heading\" id=\"NoGos\">No-gos,<br>oder \u201ewat ich nich will\u201c<\/h1>\n\n\n\n<p class=\"has-light-gray-background-color has-background\"><strong>Ich mag keine \u00dcberraschungen! Keine! Wirklich \u00fcberhaupt nicht! Gar nicht!<\/strong><\/p>\n\n\n\n<h2 class=\"wp-block-heading\">Folgendes geht nun gar nicht:  <\/h2>\n\n\n\n<ul class=\"wp-block-list\">\n<li>Tiere<\/li>\n\n\n\n<li>Schnaps und son Zeug<\/li>\n\n\n\n<li>Waffen<\/li>\n<\/ul>\n","protected":false},"excerpt":{"rendered":"<p>Tja, liebe Liebenden. Immer mal wieder wird man zu den verschiedensten Anl\u00e4ssen gefragt: &#8222;Was w\u00fcnschst du dir denn?&#8220;. Als vom Gl\u00fcck doch recht gro\u00dfz\u00fcgig bedachter Mensch, lebe ich in der bequemen Situation, mir die meisten meiner W\u00fcnsche selbst und vor allem auch zum Zeitpunkt des Entstehens selbst erf\u00fcllen zu k\u00f6nnen. Ja, mehr geht immer. ABER: [&hellip;]<\/p>\n","protected":false},"author":2,"featured_media":0,"parent":0,"menu_order":0,"comment_status":"closed","ping_status":"closed","template":"","meta":{"footnotes":""},"class_list":["post-793","page","type-page","status-publish","hentry"],"_links":{"self":[{"href":"https:\/\/mitschio.dynv6.net\/blog\/wp-json\/wp\/v2\/pages\/793","targetHints":{"allow":["GET"]}}],"collection":[{"href":"https:\/\/mitschio.dynv6.net\/blog\/wp-json\/wp\/v2\/pages"}],"about":[{"href":"https:\/\/mitschio.dynv6.net\/blog\/wp-json\/wp\/v2\/types\/page"}],"author":[{"embeddable":true,"href":"https:\/\/mitschio.dynv6.net\/blog\/wp-json\/wp\/v2\/users\/2"}],"replies":[{"embeddable":true,"href":"https:\/\/mitschio.dynv6.net\/blog\/wp-json\/wp\/v2\/comments?post=793"}],"version-history":[{"count":28,"href":"https:\/\/mitschio.dynv6.net\/blog\/wp-json\/wp\/v2\/pages\/793\/revisions"}],"predecessor-version":[{"id":876,"href":"https:\/\/mitschio.dynv6.net\/blog\/wp-json\/wp\/v2\/pages\/793\/revisions\/876"}],"wp:attachment":[{"href":"https:\/\/mitschio.dynv6.net\/blog\/wp-json\/wp\/v2\/media?parent=793"}],"curies":[{"name":"wp","href":"https:\/\/api.w.org\/{rel}","templated":true}]}}